{"id":18,"date":"2024-06-14T05:35:29","date_gmt":"2024-06-14T05:35:29","guid":{"rendered":"https:\/\/hinweise.sk-group.com\/?page_id=18"},"modified":"2024-06-19T13:32:15","modified_gmt":"2024-06-19T13:32:15","slug":"home","status":"publish","type":"page","link":"https:\/\/hinweise.sk-group.com\/en\/","title":{"rendered":"Home"},"content":{"rendered":"<div data-elementor-type=\"wp-page\" data-elementor-id=\"18\" class=\"elementor elementor-18\">\n\t\t\t\t<div class=\"elementor-element elementor-element-35a0895 e-flex e-con-boxed e-con e-parent\" data-id=\"35a0895\" data-element_type=\"container\" id=\"firstSec\" data-settings=\"{&quot;background_background&quot;:&quot;classic&quot;}\">\n\t\t\t\t\t<div class=\"e-con-inner\">\n\t\t<div class=\"elementor-element elementor-element-f28e4ad e-con-full e-flex e-con e-child\" data-id=\"f28e4ad\" data-element_type=\"container\" data-settings=\"{&quot;background_background&quot;:&quot;classic&quot;}\">\n\t\t\t\t<div class=\"elementor-element elementor-element-6dac653 elementor-widget elementor-widget-heading\" data-id=\"6dac653\" data-element_type=\"widget\" data-widget_type=\"heading.default\">\n\t\t\t\t<div class=\"elementor-widget-container\">\n\t\t\t<style>\/*! elementor - v3.22.0 - 17-06-2024 *\/\n.elementor-heading-title{padding:0;margin:0;line-height:1}.elementor-widget-heading .elementor-heading-title[class*=elementor-size-]>a{color:inherit;font-size:inherit;line-height:inherit}.elementor-widget-heading .elementor-heading-title.elementor-size-small{font-size:15px}.elementor-widget-heading .elementor-heading-title.elementor-size-medium{font-size:19px}.elementor-widget-heading .elementor-heading-title.elementor-size-large{font-size:29px}.elementor-widget-heading .elementor-heading-title.elementor-size-xl{font-size:39px}.elementor-widget-heading .elementor-heading-title.elementor-size-xxl{font-size:59px}<\/style><h4 class=\"elementor-heading-title elementor-size-default\">Schmidt kranz Group<\/h4>\t\t<\/div>\n\t\t\t\t<\/div>\n\t\t\t\t<div class=\"elementor-element elementor-element-c31626e elementor-widget elementor-widget-image\" data-id=\"c31626e\" data-element_type=\"widget\" data-widget_type=\"image.default\">\n\t\t\t\t<div class=\"elementor-widget-container\">\n\t\t\t<style>\/*! elementor - v3.22.0 - 17-06-2024 *\/\n.elementor-widget-image{text-align:center}.elementor-widget-image a{display:inline-block}.elementor-widget-image a img[src$=\".svg\"]{width:48px}.elementor-widget-image img{vertical-align:middle;display:inline-block}<\/style>\t\t\t\t\t\t\t\t\t\t<img decoding=\"async\" width=\"60\" height=\"6\" src=\"https:\/\/hinweise.sk-group.com\/wp-content\/uploads\/2024\/06\/Group-41.svg\" class=\"attachment-full size-full wp-image-136\" alt=\"\" \/>\t\t\t\t\t\t\t\t\t\t\t\t\t<\/div>\n\t\t\t\t<\/div>\n\t\t\t\t<div class=\"elementor-element elementor-element-5845e9e elementor-widget elementor-widget-heading\" data-id=\"5845e9e\" data-element_type=\"widget\" data-widget_type=\"heading.default\">\n\t\t\t\t<div class=\"elementor-widget-container\">\n\t\t\t<h1 class=\"elementor-heading-title elementor-size-default\">Whistleblower system form<\/h1>\t\t<\/div>\n\t\t\t\t<\/div>\n\t\t\t\t<div class=\"elementor-element elementor-element-56019f0 elementor-widget elementor-widget-heading\" data-id=\"56019f0\" data-element_type=\"widget\" data-widget_type=\"heading.default\">\n\t\t\t\t<div class=\"elementor-widget-container\">\n\t\t\t<h3 class=\"elementor-heading-title elementor-size-default\">Fields marked with * have to be filled out.<\/h3>\t\t<\/div>\n\t\t\t\t<\/div>\n\t\t\t\t<div class=\"elementor-element elementor-element-993aa76 elementor-widget elementor-widget-text-editor\" data-id=\"993aa76\" data-element_type=\"widget\" data-widget_type=\"text-editor.default\">\n\t\t\t\t<div class=\"elementor-widget-container\">\n\t\t\t<style>\/*! elementor - v3.22.0 - 17-06-2024 *\/\n.elementor-widget-text-editor.elementor-drop-cap-view-stacked .elementor-drop-cap{background-color:#69727d;color:#fff}.elementor-widget-text-editor.elementor-drop-cap-view-framed .elementor-drop-cap{color:#69727d;border:3px solid;background-color:transparent}.elementor-widget-text-editor:not(.elementor-drop-cap-view-default) .elementor-drop-cap{margin-top:8px}.elementor-widget-text-editor:not(.elementor-drop-cap-view-default) .elementor-drop-cap-letter{width:1em;height:1em}.elementor-widget-text-editor .elementor-drop-cap{float:left;text-align:center;line-height:1;font-size:50px}.elementor-widget-text-editor .elementor-drop-cap-letter{display:inline-block}<\/style>\t\t\t\t<p>Use of the whistleblower system is voluntary.<\/p><p>Use of the whistleblower system is voluntary.\nThe whistleblower system is not intended to replace regular communication, but only serves to report serious suspicions of a violation of the law or, for such cases, where special confidentiality of the information must be guaranteed.<\/p><p>Reports can therefore also be submitted anonymously. Please note that reports without sufficient concrete evidence cannot be processed for legal reasons. Please note that deliberate false reports and defamation may have legal consequences. This does not apply to reports that were made in good faith but subsequently turn out to be false.<\/p>\t\t\t\t\t\t<\/div>\n\t\t\t\t<\/div>\n\t\t\t\t<div class=\"elementor-element elementor-element-ed64da6 apply elementor-widget elementor-widget-shortcode\" data-id=\"ed64da6\" data-element_type=\"widget\" id=\"form1\" data-widget_type=\"shortcode.default\">\n\t\t\t\t<div class=\"elementor-widget-container\">\n\t\t\t\t\t<div class=\"elementor-shortcode\"><div class=\"forminator-ui forminator-custom-form forminator-custom-form-216 forminator-design--default forminator-custom forminator_ajax\" data-forminator-render=\"0\" data-form=\"forminator-module-216\" data-uid=\"69fecd5387ae2\"><br\/><\/div><form\n\t\t\t\tid=\"forminator-module-216\"\n\t\t\t\tclass=\"forminator-ui forminator-custom-form forminator-custom-form-216 forminator-design--default forminator-custom forminator_ajax\"\n\t\t\t\tmethod=\"post\"\n\t\t\t\tdata-forminator-render=\"0\"\n\t\t\t\tdata-form-id=\"216\"\n\t\t\t\t\n\t\t\t\tdata-design=\"default\"\n\t\t\t\t\n\t\t\t\t\n\t\t\t\t\n\t\t\t\tdata-grid=\"custom\"\n\t\t\t\tenctype=\"multipart\/form-data\"\n\t\t\t\t\n\t\t\t\tstyle=\"display: none;\"\n\t\t\t\t\n\t\t\t\tdata-uid=\"69fecd5387ae2\" action=\"\"\n\t\t\t><div role=\"alert\" aria-live=\"polite\" class=\"forminator-response-message forminator-error\" aria-hidden=\"true\"><\/div><div class=\"forminator-row\"><div id=\"text-1\" class=\"forminator-field-text forminator-col forminator-col-12\"><div class=\"forminator-field\"><label for=\"forminator-field-text-1_69fecd5387ae2\" id=\"forminator-field-text-1_69fecd5387ae2-label\" class=\"forminator-label\">SUBJECT <span class=\"forminator-required\">*<\/span><\/label><input type=\"text\" name=\"text-1\" value=\"\" placeholder=\"Subject *\" id=\"forminator-field-text-1_69fecd5387ae2\" class=\"forminator-input forminator-name--field\" data-required=\"1\" \/><\/div><\/div><\/div><div class=\"forminator-row\"><div id=\"select-1\" class=\"forminator-field-select forminator-col forminator-col-12\"><div class=\"forminator-field\"><label for=\"forminator-form-216__field--select-1_69fecd5387ae2\" id=\"forminator-form-216__field--select-1_69fecd5387ae2-label\" class=\"forminator-label\">WOULD YOU LIKE TO GIVE YOUR NAME? <span class=\"forminator-required\">*<\/span><\/label><select id=\"forminator-form-216__field--select-1_69fecd5387ae2\" class=\"forminator-select--field forminator-select2\" data-required=\"1\" name=\"select-1\" data-default-value=\"\" data-hidden-behavior=\"zero\" data-placeholder=\"Bitte ausw\u00e4hlen *\" data-search=\"false\" aria-labelledby=\"forminator-form-216__field--select-1_69fecd5387ae2-label\"><option value=\"\">Please select *<\/option><option value=\"one\"  data-calculation=\"0\">Yes<\/option><option value=\"two\"  data-calculation=\"0\">No<\/option><\/select><\/div><\/div><\/div><div class=\"forminator-row\"><div id=\"name-1\" class=\"forminator-field-name forminator-col forminator-col-12\"><div class=\"forminator-field\"><label for=\"forminator-field-name-1_69fecd5387ae2\" id=\"forminator-field-name-1_69fecd5387ae2-label\" class=\"forminator-label\">NAME<\/label><input type=\"text\" name=\"name-1\" value=\"\" placeholder=\"Name (optional)\" id=\"forminator-field-name-1_69fecd5387ae2\" class=\"forminator-input forminator-name--field\" aria-required=\"false\" \/><\/div><\/div><\/div><div class=\"forminator-row\"><div id=\"email-1\" class=\"forminator-field-email forminator-col forminator-col-12\"><div class=\"forminator-field\"><label for=\"forminator-field-email-1_69fecd5387ae2\" id=\"forminator-field-email-1_69fecd5387ae2-label\" class=\"forminator-label\">E-MAIL<\/label><input type=\"email\" name=\"email-1\" value=\"\" placeholder=\"E-Mail (optional)\" id=\"forminator-field-email-1_69fecd5387ae2\" class=\"forminator-input forminator-email--field\" data-required=\"\" aria-required=\"false\" \/><\/div><\/div><\/div><div class=\"forminator-row\"><div id=\"html-1\" class=\"forminator-field-html forminator-col forminator-col-12  cusText\"><div class=\"forminator-field forminator-merge-tags\" data-field=\"html-1\"><p>It is helpful if you consider the following W-questions:<br>Who committed the offence?<br>What happened?<br>Where did it happen?<br>When did it happen?<br>How can the infringement be proven?<\/p><\/div><\/div><\/div><div class=\"forminator-row\"><div id=\"textarea-1\" class=\"forminator-field-textarea forminator-col forminator-col-12\"><div class=\"forminator-field\"><label for=\"forminator-field-textarea-1_69fecd5387ae2\" id=\"forminator-field-textarea-1_69fecd5387ae2-label\" class=\"forminator-label\">DESCRIPTION <span class=\"forminator-required\">*<\/span><\/label><textarea name=\"textarea-1\" placeholder=\"Please describe the incident *\" id=\"forminator-field-textarea-1_69fecd5387ae2\" class=\"forminator-textarea\" rows=\"6\" style=\"min-height:140px;\" ><\/textarea><\/div><\/div><\/div><div class=\"forminator-row\"><div id=\"text-2\" class=\"forminator-field-text forminator-col forminator-col-12\"><div class=\"forminator-field\"><label for=\"forminator-field-text-2_69fecd5387ae2\" id=\"forminator-field-text-2_69fecd5387ae2-label\" class=\"forminator-label\">WHICH DEPARTMENT? <span class=\"forminator-required\">*<\/span><\/label><input type=\"text\" name=\"text-2\" value=\"\" placeholder=\"In which department did the incident occur? *\" id=\"forminator-field-text-2_69fecd5387ae2\" class=\"forminator-input forminator-name--field\" data-required=\"1\" \/><\/div><\/div><\/div><div class=\"forminator-row\"><div id=\"select-6\" class=\"forminator-field-select forminator-col forminator-col-12\"><div class=\"forminator-field\"><label for=\"forminator-form-216__field--select-6_69fecd5387ae2\" id=\"forminator-form-216__field--select-6_69fecd5387ae2-label\" class=\"forminator-label\">WHEN DID THE INCIDENT OCCUR? <span class=\"forminator-required\">*<\/span><\/label><select id=\"forminator-form-216__field--select-6_69fecd5387ae2\" class=\"forminator-select--field forminator-select2\" data-required=\"1\" name=\"select-6\" data-default-value=\"\" data-hidden-behavior=\"zero\" data-placeholder=\"Bitte ausw\u00e4hlen *\" data-search=\"false\" aria-labelledby=\"forminator-form-216__field--select-6_69fecd5387ae2-label\"><option value=\"\">Please select *<\/option><option value=\"two\"  data-calculation=\"0\">Continues<\/option><option value=\"im-letzten-Monat\"  data-calculation=\"0\">last month<\/option><option value=\"vor-2-6-Monaten\"  data-calculation=\"0\">2-6 months ago<\/option><option value=\"vor-6-Monaten---1-Jahr\"  data-calculation=\"0\">6 months - 1 year ago<\/option><option value=\"vor-mehr-als-einem-Jahr\"  data-calculation=\"0\">more than a year ago<\/option><option value=\"Unbekannt\"  data-calculation=\"0\">Unknown<\/option><\/select><\/div><\/div><\/div><div class=\"forminator-row\"><div id=\"select-3\" class=\"forminator-field-select forminator-col forminator-col-12\"><div class=\"forminator-field\"><label for=\"forminator-form-216__field--select-3_69fecd5387ae2\" id=\"forminator-form-216__field--select-3_69fecd5387ae2-label\" class=\"forminator-label\">Were\/are leaders involved in the incident? <span class=\"forminator-required\">*<\/span><\/label><select id=\"forminator-form-216__field--select-3_69fecd5387ae2\" class=\"forminator-select--field forminator-select2\" data-required=\"1\" name=\"select-3\" data-default-value=\"\" data-hidden-behavior=\"zero\" data-placeholder=\"Bitte ausw\u00e4hlen *\" data-search=\"false\" aria-labelledby=\"forminator-form-216__field--select-3_69fecd5387ae2-label\"><option value=\"\">Please select *<\/option><option value=\"two\"  data-calculation=\"0\">Yes<\/option><option value=\"Nein\"  data-calculation=\"0\">No<\/option><option value=\"Unbekannt\"  data-calculation=\"0\">Unknown<\/option><\/select><\/div><\/div><\/div><div class=\"forminator-row\"><div id=\"select-4\" class=\"forminator-field-select forminator-col forminator-col-12\"><div class=\"forminator-field\"><label for=\"forminator-form-216__field--select-4_69fecd5387ae2\" id=\"forminator-form-216__field--select-4_69fecd5387ae2-label\" class=\"forminator-label\">What is your relationship with our company? <span class=\"forminator-required\">*<\/span><\/label><select id=\"forminator-form-216__field--select-4_69fecd5387ae2\" class=\"forminator-select--field forminator-select2\" data-required=\"1\" name=\"select-4\" data-default-value=\"\" data-hidden-behavior=\"zero\" data-placeholder=\"Bitte ausw\u00e4hlen *\" data-search=\"false\" aria-labelledby=\"forminator-form-216__field--select-4_69fecd5387ae2-label\"><option value=\"\">Please select *<\/option><option value=\"two\"  data-calculation=\"0\">employee<\/option><option value=\"Externer-Mitarbeiter\"  data-calculation=\"0\">Extern co-worker<\/option><option value=\"Gesch\u00e4ftspartner\"  data-calculation=\"0\">Business partner<\/option><option value=\"Kunde\"  data-calculation=\"0\">customer<\/option><option value=\"andere-Beziehung\"  data-calculation=\"0\">other relationship<\/option><option value=\"Keine-Angabe\"  data-calculation=\"0\">Not specified<\/option><\/select><\/div><\/div><\/div><div class=\"forminator-row\"><div id=\"select-5\" class=\"forminator-field-select forminator-col forminator-col-12\"><div class=\"forminator-field\"><label for=\"forminator-form-216__field--select-5_69fecd5387ae2\" id=\"forminator-form-216__field--select-5_69fecd5387ae2-label\" class=\"forminator-label\">DID YOU OBSERVE THE INFRINGEMENT YOURSELF? <span class=\"forminator-required\">*<\/span><\/label><select id=\"forminator-form-216__field--select-5_69fecd5387ae2\" class=\"forminator-select--field forminator-select2\" data-required=\"1\" name=\"select-5\" data-default-value=\"\" data-hidden-behavior=\"zero\" data-placeholder=\"Bitte ausw\u00e4hlen *\" data-search=\"false\" aria-labelledby=\"forminator-form-216__field--select-5_69fecd5387ae2-label\"><option value=\"\">Please select *<\/option><option value=\"two\"  data-calculation=\"0\">Yes<\/option><option value=\"Nein\"  data-calculation=\"0\">No<\/option><\/select><\/div><\/div><\/div><div class=\"forminator-row\"><div id=\"upload-1\" class=\"forminator-field-upload forminator-col forminator-col-12\"><div class=\"forminator-field\"><label for=\"forminator-field-upload-1_69fecd5387ae2\" id=\"forminator-field-upload-1_69fecd5387ae2-label\" class=\"forminator-label\">ATTACHMENT<\/label><div class=\"forminator-file-upload\" data-element=\"upload-1_69fecd5387ae2\"><input type=\"file\" name=\"upload-1\" id=\"forminator-field-upload-1_69fecd5387ae2\" class=\"forminator-input-file\" accept=\".avif,.css,.htm,.html,.dfxp,.js,.svg,.jpg,.jpeg,.jpe,.png,.tiff,.tif,.heic,.webp,.doc,.docx,.pdf\"><button id=\"forminator-field-upload-1_69fecd5387ae2_button\" class=\"forminator-button forminator-button-upload\" data-id=\"forminator-field-upload-1_69fecd5387ae2\">Choose File<\/button><span data-empty-text=\"No file chosen\">No file chosen<\/span><button class=\"forminator-button-delete\" style=\"display: none;\"><i class=\"forminator-icon-close\" aria-hidden=\"true\"><\/i><span class=\"forminator-screen-reader-only\">Delete uploaded file<\/span><\/button><\/div><\/div><\/div><\/div><div class=\"forminator-row\"><div id=\"captcha-1\" class=\"forminator-field-captcha forminator-col forminator-col-12\"><div class=\"forminator-captcha-left forminator-hcaptcha\" data-theme=\"light\"  data-sitekey=\"e2ea76b2-8c7a-4d1a-bfac-4952c4568848\" data-size=\"compact\"><\/div> <\/div><\/div><div class=\"forminator-row\"><div id=\"checkbox-1\" class=\"forminator-field-checkbox forminator-col forminator-col-12\"><div role=\"group\" class=\"forminator-field required\" aria-labelledby=\"forminator-checkbox-group-69fecd5387ae2-label\"><label id=\"forminator-field-checkbox-1-1-69fecd5387ae2-label\" for=\"forminator-field-checkbox-1-1-69fecd5387ae2\" class=\"forminator-checkbox\" title=\"Yes, I have read the&nbsp;&lt;a target=&quot;_blank&quot; href=&quot;https:\/\/www.sk-group.com\/datenschutz&quot; style=&quot;color: #FCA311&quot;&gt;privacy policy&nbsp;&lt;\/a&gt;&nbsp;and I agree that the data I provide will be collected and stored electronically. My data is used only strictly earmarked for processing and answering my request. By submitting the online form I agree to the processing.\"><input type=\"checkbox\" name=\"checkbox-1[]\" value=\"one\" id=\"forminator-field-checkbox-1-1-69fecd5387ae2\" aria-labelledby=\"forminator-field-checkbox-1-1-69fecd5387ae2-label\" data-calculation=\"0\"   data-hidden-behavior=\"zero\"\/><span class=\"forminator-checkbox-box\" aria-hidden=\"true\"><\/span><span class=\"forminator-checkbox-label\">Yes, I have read the\u00a0<a target=\"_blank\" href=\"https:\/\/www.sk-group.com\/datenschutz\" style=\"color: #FCA311\">privacy policy\u00a0<\/a>\u00a0and I agree that the data I provide will be collected and stored electronically. My data is used only strictly earmarked for processing and answering my request. By submitting the online form I agree to the processing.<\/span><\/label><\/div><\/div><\/div><input type=\"hidden\" name=\"referer_url\" value=\"\" \/><div class=\"forminator-row forminator-row-last\"><div class=\"forminator-col\"><div class=\"forminator-field\"><button class=\"forminator-button forminator-button-submit\">Send Form<\/button><\/div><\/div><\/div><input type=\"hidden\" id=\"forminator_nonce\" name=\"forminator_nonce\" value=\"6ea3a7c33e\" \/><input type=\"hidden\" name=\"_wp_http_referer\" value=\"\/en\/wp-json\/wp\/v2\/pages\/18\" \/><input type=\"hidden\" name=\"form_id\" value=\"216\"><input type=\"hidden\" name=\"page_id\" value=\"18\"><input type=\"hidden\" name=\"form_type\" value=\"default\"><input type=\"hidden\" name=\"current_url\" value=\"https:\/\/hinweise.sk-group.com\/en\/\"><input type=\"hidden\" name=\"render_id\" value=\"0\"><input type=\"hidden\" name=\"action\" value=\"forminator_submit_form_custom-forms\"><input type=\"hidden\" name=\"trp-form-language\" value=\"en\"\/><\/form><\/div>\n\t\t\t\t<\/div>\n\t\t\t\t<\/div>\n\t\t\t\t<\/div>\n\t\t<div class=\"elementor-element elementor-element-e7da1a4 e-con-full e-flex e-con e-child\" data-id=\"e7da1a4\" data-element_type=\"container\">\n\t\t\t\t<div class=\"elementor-element elementor-element-0008214 elementor-widget elementor-widget-image\" data-id=\"0008214\" data-element_type=\"widget\" data-widget_type=\"image.default\">\n\t\t\t\t<div class=\"elementor-widget-container\">\n\t\t\t\t\t\t\t\t\t\t\t\t\t<img fetchpriority=\"high\" decoding=\"async\" width=\"368\" height=\"447\" src=\"https:\/\/hinweise.sk-group.com\/wp-content\/uploads\/2024\/06\/Group-280.svg\" class=\"attachment-full size-full wp-image-444\" alt=\"\" \/>\t\t\t\t\t\t\t\t\t\t\t\t\t<\/div>\n\t\t\t\t<\/div>\n\t\t\t\t<\/div>\n\t\t\t\t\t<\/div>\n\t\t\t\t<\/div>\n\t\t\t\t<\/div>","protected":false},"excerpt":{"rendered":"<p>Schmidt kranz Group Formular Hinweisgebersystem Felder, die mit einem * gekennzeichnet sind, m\u00fcssen ausgef\u00fcllt werden. Die Nutzung des Hinweisgebersystems ist freiwillig. Das Hinweisgebersystem soll die Regelkommunikation nicht ersetzen, sondern dient nur der Meldung von schwerwiegenden Verdachtsf\u00e4llen auf einen Gesetzesversto\u00df oder, f\u00fcr solche F\u00e4lle, wo eine besondere Vertraulichkeit der Informationen gew\u00e4hrleistet werden muss. Meldungen k\u00f6nnen deshalb [&hellip;]<\/p>","protected":false},"author":2,"featured_media":0,"parent":0,"menu_order":0,"comment_status":"closed","ping_status":"closed","template":"elementor_header_footer","meta":{"footnotes":""},"class_list":["post-18","page","type-page","status-publish","hentry"],"_links":{"self":[{"href":"https:\/\/hinweise.sk-group.com\/en\/wp-json\/wp\/v2\/pages\/18","targetHints":{"allow":["GET"]}}],"collection":[{"href":"https:\/\/hinweise.sk-group.com\/en\/wp-json\/wp\/v2\/pages"}],"about":[{"href":"https:\/\/hinweise.sk-group.com\/en\/wp-json\/wp\/v2\/types\/page"}],"author":[{"embeddable":true,"href":"https:\/\/hinweise.sk-group.com\/en\/wp-json\/wp\/v2\/users\/2"}],"replies":[{"embeddable":true,"href":"https:\/\/hinweise.sk-group.com\/en\/wp-json\/wp\/v2\/comments?post=18"}],"version-history":[{"count":228,"href":"https:\/\/hinweise.sk-group.com\/en\/wp-json\/wp\/v2\/pages\/18\/revisions"}],"predecessor-version":[{"id":502,"href":"https:\/\/hinweise.sk-group.com\/en\/wp-json\/wp\/v2\/pages\/18\/revisions\/502"}],"wp:attachment":[{"href":"https:\/\/hinweise.sk-group.com\/en\/wp-json\/wp\/v2\/media?parent=18"}],"curies":[{"name":"wp","href":"https:\/\/api.w.org\/{rel}","templated":true}]}}